{"id":475,"date":"2024-09-04T23:01:13","date_gmt":"2024-09-05T02:01:13","guid":{"rendered":"https:\/\/silvanoaberturas.com\/?page_id=475"},"modified":"2024-09-12T22:07:47","modified_gmt":"2024-09-13T01:07:47","slug":"ventanas-corrediza-herrero","status":"publish","type":"page","link":"https:\/\/silvanoaberturas.com\/?page_id=475","title":{"rendered":"Ventanas Corrediza Herrero"},"content":{"rendered":"\t\t<div data-elementor-type=\"wp-page\" data-elementor-id=\"475\" class=\"elementor elementor-475\">\n\t\t\t\t<div class=\"elementor-element elementor-element-ba59a90 e-con-full e-flex e-con e-parent\" data-id=\"ba59a90\" data-element_type=\"container\">\n\t\t\t\t<div class=\"elementor-element elementor-element-def5f2d elementor-widget elementor-widget-spacer\" data-id=\"def5f2d\" data-element_type=\"widget\" data-widget_type=\"spacer.default\">\n\t\t\t\t<div class=\"elementor-widget-container\">\n\t\t\t<style>\/*! elementor - v3.23.0 - 05-08-2024 *\/\n.elementor-column .elementor-spacer-inner{height:var(--spacer-size)}.e-con{--container-widget-width:100%}.e-con-inner>.elementor-widget-spacer,.e-con>.elementor-widget-spacer{width:var(--container-widget-width,var(--spacer-size));--align-self:var(--container-widget-align-self,initial);--flex-shrink:0}.e-con-inner>.elementor-widget-spacer>.elementor-widget-container,.e-con>.elementor-widget-spacer>.elementor-widget-container{height:100%;width:100%}.e-con-inner>.elementor-widget-spacer>.elementor-widget-container>.elementor-spacer,.e-con>.elementor-widget-spacer>.elementor-widget-container>.elementor-spacer{height:100%}.e-con-inner>.elementor-widget-spacer>.elementor-widget-container>.elementor-spacer>.elementor-spacer-inner,.e-con>.elementor-widget-spacer>.elementor-widget-container>.elementor-spacer>.elementor-spacer-inner{height:var(--container-widget-height,var(--spacer-size))}.e-con-inner>.elementor-widget-spacer.elementor-widget-empty,.e-con>.elementor-widget-spacer.elementor-widget-empty{position:relative;min-height:22px;min-width:22px}.e-con-inner>.elementor-widget-spacer.elementor-widget-empty .elementor-widget-empty-icon,.e-con>.elementor-widget-spacer.elementor-widget-empty .elementor-widget-empty-icon{position:absolute;top:0;bottom:0;left:0;right:0;margin:auto;padding:0;width:22px;height:22px}<\/style>\t\t<div class=\"elementor-spacer\">\n\t\t\t<div class=\"elementor-spacer-inner\"><\/div>\n\t\t<\/div>\n\t\t\t\t<\/div>\n\t\t\t\t<\/div>\n\t\t\t\t<div class=\"elementor-element elementor-element-c844275 elementor-widget elementor-widget-heading\" data-id=\"c844275\" data-element_type=\"widget\" data-widget_type=\"heading.default\">\n\t\t\t\t<div class=\"elementor-widget-container\">\n\t\t\t<style>\/*! elementor - v3.23.0 - 05-08-2024 *\/\n.elementor-heading-title{padding:0;margin:0;line-height:1}.elementor-widget-heading .elementor-heading-title[class*=elementor-size-]>a{color:inherit;font-size:inherit;line-height:inherit}.elementor-widget-heading .elementor-heading-title.elementor-size-small{font-size:15px}.elementor-widget-heading .elementor-heading-title.elementor-size-medium{font-size:19px}.elementor-widget-heading .elementor-heading-title.elementor-size-large{font-size:29px}.elementor-widget-heading .elementor-heading-title.elementor-size-xl{font-size:39px}.elementor-widget-heading .elementor-heading-title.elementor-size-xxl{font-size:59px}<\/style><h2 class=\"elementor-heading-title elementor-size-default\">VENTANAS CORREDIZA LINEA HERRERO<\/h2>\t\t<\/div>\n\t\t\t\t<\/div>\n\t\t<div class=\"elementor-element elementor-element-d757078 e-flex e-con-boxed e-con e-child\" data-id=\"d757078\" data-element_type=\"container\">\n\t\t\t\t\t<div class=\"e-con-inner\">\n\t\t<div class=\"elementor-element elementor-element-db80018 e-grid e-con-full e-con e-child\" data-id=\"db80018\" data-element_type=\"container\">\n\t\t\t\t<div class=\"elementor-element elementor-element-0d6ca20 elementor-widget elementor-widget-image\" data-id=\"0d6ca20\" data-element_type=\"widget\" data-widget_type=\"image.default\">\n\t\t\t\t<div class=\"elementor-widget-container\">\n\t\t\t<style>\/*! elementor - v3.23.0 - 05-08-2024 *\/\n.elementor-widget-image{text-align:center}.elementor-widget-image a{display:inline-block}.elementor-widget-image a img[src$=\".svg\"]{width:48px}.elementor-widget-image img{vertical-align:middle;display:inline-block}<\/style>\t\t\t\t\t\t\t\t\t\t<img fetchpriority=\"high\" decoding=\"async\" width=\"750\" height=\"681\" src=\"https:\/\/silvanoaberturas.com\/wp-content\/uploads\/2024\/09\/VENTANA-CORREDIZA-LINEA-HERRERO-100X100-VE-1024x930.png\" class=\"attachment-large size-large wp-image-928\" alt=\"\" srcset=\"https:\/\/silvanoaberturas.com\/wp-content\/uploads\/2024\/09\/VENTANA-CORREDIZA-LINEA-HERRERO-100X100-VE-1024x930.png 1024w, https:\/\/silvanoaberturas.com\/wp-content\/uploads\/2024\/09\/VENTANA-CORREDIZA-LINEA-HERRERO-100X100-VE-300x273.png 300w, https:\/\/silvanoaberturas.com\/wp-content\/uploads\/2024\/09\/VENTANA-CORREDIZA-LINEA-HERRERO-100X100-VE-768x698.png 768w, https:\/\/silvanoaberturas.com\/wp-content\/uploads\/2024\/09\/VENTANA-CORREDIZA-LINEA-HERRERO-100X100-VE-1536x1396.png 1536w, https:\/\/silvanoaberturas.com\/wp-content\/uploads\/2024\/09\/VENTANA-CORREDIZA-LINEA-HERRERO-100X100-VE-2048x1861.png 2048w\" sizes=\"(max-width: 750px) 100vw, 750px\" \/>\t\t\t\t\t\t\t\t\t\t\t\t\t<\/div>\n\t\t\t\t<\/div>\n\t\t\t\t<div class=\"elementor-element elementor-element-6e10d2b elementor-widget elementor-widget-image\" data-id=\"6e10d2b\" data-element_type=\"widget\" data-widget_type=\"image.default\">\n\t\t\t\t<div class=\"elementor-widget-container\">\n\t\t\t\t\t\t\t\t\t\t\t\t\t<img decoding=\"async\" width=\"750\" height=\"780\" src=\"https:\/\/silvanoaberturas.com\/wp-content\/uploads\/2024\/09\/VENTANA-CORREDIZA-LINEA-HERRERO-100X100-VE-2-984x1024.png\" class=\"attachment-large size-large wp-image-932\" alt=\"\" srcset=\"https:\/\/silvanoaberturas.com\/wp-content\/uploads\/2024\/09\/VENTANA-CORREDIZA-LINEA-HERRERO-100X100-VE-2-984x1024.png 984w, https:\/\/silvanoaberturas.com\/wp-content\/uploads\/2024\/09\/VENTANA-CORREDIZA-LINEA-HERRERO-100X100-VE-2-288x300.png 288w, https:\/\/silvanoaberturas.com\/wp-content\/uploads\/2024\/09\/VENTANA-CORREDIZA-LINEA-HERRERO-100X100-VE-2-768x799.png 768w, https:\/\/silvanoaberturas.com\/wp-content\/uploads\/2024\/09\/VENTANA-CORREDIZA-LINEA-HERRERO-100X100-VE-2-1476x1536.png 1476w, https:\/\/silvanoaberturas.com\/wp-content\/uploads\/2024\/09\/VENTANA-CORREDIZA-LINEA-HERRERO-100X100-VE-2-1968x2048.png 1968w\" sizes=\"(max-width: 750px) 100vw, 750px\" \/>\t\t\t\t\t\t\t\t\t\t\t\t\t<\/div>\n\t\t\t\t<\/div>\n\t\t\t\t<div class=\"elementor-element elementor-element-4ebaf77 elementor-widget elementor-widget-image\" data-id=\"4ebaf77\" data-element_type=\"widget\" data-widget_type=\"image.default\">\n\t\t\t\t<div class=\"elementor-widget-container\">\n\t\t\t\t\t\t\t\t\t\t\t\t\t<img decoding=\"async\" width=\"750\" height=\"681\" src=\"https:\/\/silvanoaberturas.com\/wp-content\/uploads\/2024\/09\/VENTANA-UNIVERSAL-VR-1024x930.png\" class=\"attachment-large size-large wp-image-927\" alt=\"\" srcset=\"https:\/\/silvanoaberturas.com\/wp-content\/uploads\/2024\/09\/VENTANA-UNIVERSAL-VR-1024x930.png 1024w, https:\/\/silvanoaberturas.com\/wp-content\/uploads\/2024\/09\/VENTANA-UNIVERSAL-VR-300x273.png 300w, https:\/\/silvanoaberturas.com\/wp-content\/uploads\/2024\/09\/VENTANA-UNIVERSAL-VR-768x698.png 768w, https:\/\/silvanoaberturas.com\/wp-content\/uploads\/2024\/09\/VENTANA-UNIVERSAL-VR-1536x1396.png 1536w, https:\/\/silvanoaberturas.com\/wp-content\/uploads\/2024\/09\/VENTANA-UNIVERSAL-VR-2048x1861.png 2048w\" sizes=\"(max-width: 750px) 100vw, 750px\" \/>\t\t\t\t\t\t\t\t\t\t\t\t\t<\/div>\n\t\t\t\t<\/div>\n\t\t\t\t<div class=\"elementor-element elementor-element-3967afd elementor-widget elementor-widget-image\" data-id=\"3967afd\" data-element_type=\"widget\" data-widget_type=\"image.default\">\n\t\t\t\t<div class=\"elementor-widget-container\">\n\t\t\t\t\t\t\t\t\t\t\t\t\t<img loading=\"lazy\" decoding=\"async\" width=\"750\" height=\"780\" src=\"https:\/\/silvanoaberturas.com\/wp-content\/uploads\/2024\/09\/VENTANA-CORREDIZA-LINEA-HERRERO-100X100-VR-2-1-984x1024.png\" class=\"attachment-large size-large wp-image-929\" alt=\"\" srcset=\"https:\/\/silvanoaberturas.com\/wp-content\/uploads\/2024\/09\/VENTANA-CORREDIZA-LINEA-HERRERO-100X100-VR-2-1-984x1024.png 984w, https:\/\/silvanoaberturas.com\/wp-content\/uploads\/2024\/09\/VENTANA-CORREDIZA-LINEA-HERRERO-100X100-VR-2-1-288x300.png 288w, https:\/\/silvanoaberturas.com\/wp-content\/uploads\/2024\/09\/VENTANA-CORREDIZA-LINEA-HERRERO-100X100-VR-2-1-768x799.png 768w, https:\/\/silvanoaberturas.com\/wp-content\/uploads\/2024\/09\/VENTANA-CORREDIZA-LINEA-HERRERO-100X100-VR-2-1-1476x1536.png 1476w, https:\/\/silvanoaberturas.com\/wp-content\/uploads\/2024\/09\/VENTANA-CORREDIZA-LINEA-HERRERO-100X100-VR-2-1-1968x2048.png 1968w\" sizes=\"(max-width: 750px) 100vw, 750px\" \/>\t\t\t\t\t\t\t\t\t\t\t\t\t<\/div>\n\t\t\t\t<\/div>\n\t\t\t\t<\/div>\n\t\t\t\t\t<\/div>\n\t\t\t\t<\/div>\n\t\t\t\t<\/div>\n\t\t<div class=\"elementor-element elementor-element-598fdc1 e-con-full e-flex e-con e-parent\" data-id=\"598fdc1\" data-element_type=\"container\">\n\t\t<div class=\"elementor-element elementor-element-9d2566a e-con-full e-flex e-con e-child\" data-id=\"9d2566a\" data-element_type=\"container\" data-settings=\"{&quot;shape_divider_bottom&quot;:&quot;mountains&quot;}\">\n\t\t\t\t<div class=\"elementor-shape elementor-shape-bottom\" data-negative=\"false\">\n\t\t\t<svg xmlns=\"http:\/\/www.w3.org\/2000\/svg\" viewBox=\"0 0 1000 100\" preserveAspectRatio=\"none\">\n\t<path class=\"elementor-shape-fill\" opacity=\"0.33\" d=\"M473,67.3c-203.9,88.3-263.1-34-320.3,0C66,119.1,0,59.7,0,59.7V0h1000v59.7 c0,0-62.1,26.1-94.9,29.3c-32.8,3.3-62.8-12.3-75.8-22.1C806,49.6,745.3,8.7,694.9,4.7S492.4,59,473,67.3z\"\/>\n\t<path class=\"elementor-shape-fill\" opacity=\"0.66\" d=\"M734,67.3c-45.5,0-77.2-23.2-129.1-39.1c-28.6-8.7-150.3-10.1-254,39.1 s-91.7-34.4-149.2,0C115.7,118.3,0,39.8,0,39.8V0h1000v36.5c0,0-28.2-18.5-92.1-18.5C810.2,18.1,775.7,67.3,734,67.3z\"\/>\n\t<path class=\"elementor-shape-fill\" d=\"M766.1,28.9c-200-57.5-266,65.5-395.1,19.5C242,1.8,242,5.4,184.8,20.6C128,35.8,132.3,44.9,89.9,52.5C28.6,63.7,0,0,0,0 h1000c0,0-9.9,40.9-83.6,48.1S829.6,47,766.1,28.9z\"\/>\n<\/svg>\t\t<\/div>\n\t\t\t\t<div class=\"elementor-element elementor-element-28568c4 elementor-widget elementor-widget-spacer\" data-id=\"28568c4\" data-element_type=\"widget\" data-widget_type=\"spacer.default\">\n\t\t\t\t<div class=\"elementor-widget-container\">\n\t\t\t\t\t<div class=\"elementor-spacer\">\n\t\t\t<div class=\"elementor-spacer-inner\"><\/div>\n\t\t<\/div>\n\t\t\t\t<\/div>\n\t\t\t\t<\/div>\n\t\t\t\t<div class=\"elementor-element elementor-element-579647c elementor-widget elementor-widget-heading\" data-id=\"579647c\" data-element_type=\"widget\" data-widget_type=\"heading.default\">\n\t\t\t\t<div class=\"elementor-widget-container\">\n\t\t\t<h3 class=\"elementor-heading-title elementor-size-default\">CARACTER\u00cdSTICAS<\/h3>\t\t<\/div>\n\t\t\t\t<\/div>\n\t\t\t\t<div class=\"elementor-element elementor-element-2ed644a elementor-widget elementor-widget-spacer\" data-id=\"2ed644a\" data-element_type=\"widget\" data-widget_type=\"spacer.default\">\n\t\t\t\t<div class=\"elementor-widget-container\">\n\t\t\t\t\t<div class=\"elementor-spacer\">\n\t\t\t<div class=\"elementor-spacer-inner\"><\/div>\n\t\t<\/div>\n\t\t\t\t<\/div>\n\t\t\t\t<\/div>\n\t\t\t\t<div class=\"elementor-element elementor-element-fb5e830 elementor-widget elementor-widget-text-editor\" data-id=\"fb5e830\" data-element_type=\"widget\" data-widget_type=\"text-editor.default\">\n\t\t\t\t<div class=\"elementor-widget-container\">\n\t\t\t<style>\/*! elementor - v3.23.0 - 05-08-2024 *\/\n.elementor-widget-text-editor.elementor-drop-cap-view-stacked .elementor-drop-cap{background-color:#69727d;color:#fff}.elementor-widget-text-editor.elementor-drop-cap-view-framed .elementor-drop-cap{color:#69727d;border:3px solid;background-color:transparent}.elementor-widget-text-editor:not(.elementor-drop-cap-view-default) .elementor-drop-cap{margin-top:8px}.elementor-widget-text-editor:not(.elementor-drop-cap-view-default) .elementor-drop-cap-letter{width:1em;height:1em}.elementor-widget-text-editor .elementor-drop-cap{float:left;text-align:center;line-height:1;font-size:50px}.elementor-widget-text-editor .elementor-drop-cap-letter{display:inline-block}<\/style>\t\t\t\t<p><strong>PUERTAS LIVIANAS CON PLACAS DE BUENA CALIDAD Y MARCO DE ALUMINIO &#8211; LO QUE LAS HACE PERFECTAS PARA LAVADEROS,<\/strong><br \/><strong>BA\u00d1OS, PUERTAS INTERNAS. RESISTENTES Y EST\u00c9TICAS MARCOS EST\u00c1NDARES\u00a0 EL MARCO DE ALUMINIO LE DA EL TOQUE MODERNO<\/strong><br \/><strong>Y DURADERO SIN PROBLEMAS DE MARCOS QUE SE HUMEDECEN Y LIBRE DE MANTENIMIENTO RESPECTO AL ALUMINIO<\/strong><\/p>\t\t\t\t\t\t<\/div>\n\t\t\t\t<\/div>\n\t\t\t\t<div class=\"elementor-element elementor-element-d0c6e60 elementor-widget elementor-widget-spacer\" data-id=\"d0c6e60\" data-element_type=\"widget\" data-widget_type=\"spacer.default\">\n\t\t\t\t<div class=\"elementor-widget-container\">\n\t\t\t\t\t<div class=\"elementor-spacer\">\n\t\t\t<div class=\"elementor-spacer-inner\"><\/div>\n\t\t<\/div>\n\t\t\t\t<\/div>\n\t\t\t\t<\/div>\n\t\t\t\t<\/div>\n\t\t\t\t<\/div>\n\t\t\t\t<\/div>\n\t\t","protected":false},"excerpt":{"rendered":"<p>VENTANAS CORREDIZA LINEA HERRERO CARACTER\u00cdSTICAS PUERTAS LIVIANAS CON PLACAS DE BUENA CALIDAD Y MARCO DE ALUMINIO &#8211; LO QUE LAS HACE PERFECTAS PARA LAVADEROS,BA\u00d1OS, PUERTAS INTERNAS. RESISTENTES Y EST\u00c9TICAS MARCOS EST\u00c1NDARES\u00a0 EL MARCO DE ALUMINIO LE DA EL TOQUE MODERNOY DURADERO SIN PROBLEMAS DE MARCOS QUE SE HUMEDECEN Y LIBRE [&hellip;]<\/p>\n","protected":false},"author":1,"featured_media":0,"parent":0,"menu_order":0,"comment_status":"closed","ping_status":"closed","template":"page-templates\/template-pagebuilder-full-width.php","meta":{"_uag_custom_page_level_css":"","_monsterinsights_skip_tracking":false,"_monsterinsights_sitenote_active":false,"_monsterinsights_sitenote_note":"","_monsterinsights_sitenote_category":0,"footnotes":""},"class_list":["post-475","page","type-page","status-publish","hentry"],"aioseo_notices":[],"uagb_featured_image_src":{"full":false,"thumbnail":false,"medium":false,"medium_large":false,"large":false,"1536x1536":false,"2048x2048":false,"hestia-blog":false},"uagb_author_info":{"display_name":"localsilvano@gmail.com","author_link":"https:\/\/silvanoaberturas.com\/?author=1"},"uagb_comment_info":0,"uagb_excerpt":"VENTANAS CORREDIZA LINEA HERRERO CARACTER\u00cdSTICAS PUERTAS LIVIANAS CON PLACAS DE BUENA CALIDAD Y MARCO DE ALUMINIO &#8211; LO QUE LAS HACE PERFECTAS PARA LAVADEROS,BA\u00d1OS, PUERTAS INTERNAS. RESISTENTES Y EST\u00c9TICAS MARCOS EST\u00c1NDARES\u00a0 EL MARCO DE ALUMINIO LE DA EL TOQUE MODERNOY DURADERO SIN PROBLEMAS DE MARCOS QUE SE HUMEDECEN Y LIBRE [&hellip;]","_links":{"self":[{"href":"https:\/\/silvanoaberturas.com\/index.php?rest_route=\/wp\/v2\/pages\/475"}],"collection":[{"href":"https:\/\/silvanoaberturas.com\/index.php?rest_route=\/wp\/v2\/pages"}],"about":[{"href":"https:\/\/silvanoaberturas.com\/index.php?rest_route=\/wp\/v2\/types\/page"}],"author":[{"embeddable":true,"href":"https:\/\/silvanoaberturas.com\/index.php?rest_route=\/wp\/v2\/users\/1"}],"replies":[{"embeddable":true,"href":"https:\/\/silvanoaberturas.com\/index.php?rest_route=%2Fwp%2Fv2%2Fcomments&post=475"}],"version-history":[{"count":4,"href":"https:\/\/silvanoaberturas.com\/index.php?rest_route=\/wp\/v2\/pages\/475\/revisions"}],"predecessor-version":[{"id":941,"href":"https:\/\/silvanoaberturas.com\/index.php?rest_route=\/wp\/v2\/pages\/475\/revisions\/941"}],"wp:attachment":[{"href":"https:\/\/silvanoaberturas.com\/index.php?rest_route=%2Fwp%2Fv2%2Fmedia&parent=475"}],"curies":[{"name":"wp","href":"https:\/\/api.w.org\/{rel}","templated":true}]}}