{"id":482,"date":"2024-09-04T23:04:41","date_gmt":"2024-09-05T02:04:41","guid":{"rendered":"https:\/\/silvanoaberturas.com\/?page_id=482"},"modified":"2026-01-22T09:21:41","modified_gmt":"2026-01-22T12:21:41","slug":"accesorios","status":"publish","type":"page","link":"https:\/\/silvanoaberturas.com\/?page_id=482","title":{"rendered":"Accesorios"},"content":{"rendered":"\t\t<div data-elementor-type=\"wp-page\" data-elementor-id=\"482\" class=\"elementor elementor-482\">\n\t\t\t\t<div class=\"elementor-element elementor-element-7a60cff e-flex e-con-boxed e-con e-parent\" data-id=\"7a60cff\" data-element_type=\"container\">\n\t\t\t\t\t<div class=\"e-con-inner\">\n\t\t\t\t<div class=\"elementor-element elementor-element-2d11948 elementor-widget elementor-widget-spacer\" data-id=\"2d11948\" data-element_type=\"widget\" data-widget_type=\"spacer.default\">\n\t\t\t\t<div class=\"elementor-widget-container\">\n\t\t\t<style>\/*! elementor - v3.23.0 - 05-08-2024 *\/\n.elementor-column .elementor-spacer-inner{height:var(--spacer-size)}.e-con{--container-widget-width:100%}.e-con-inner>.elementor-widget-spacer,.e-con>.elementor-widget-spacer{width:var(--container-widget-width,var(--spacer-size));--align-self:var(--container-widget-align-self,initial);--flex-shrink:0}.e-con-inner>.elementor-widget-spacer>.elementor-widget-container,.e-con>.elementor-widget-spacer>.elementor-widget-container{height:100%;width:100%}.e-con-inner>.elementor-widget-spacer>.elementor-widget-container>.elementor-spacer,.e-con>.elementor-widget-spacer>.elementor-widget-container>.elementor-spacer{height:100%}.e-con-inner>.elementor-widget-spacer>.elementor-widget-container>.elementor-spacer>.elementor-spacer-inner,.e-con>.elementor-widget-spacer>.elementor-widget-container>.elementor-spacer>.elementor-spacer-inner{height:var(--container-widget-height,var(--spacer-size))}.e-con-inner>.elementor-widget-spacer.elementor-widget-empty,.e-con>.elementor-widget-spacer.elementor-widget-empty{position:relative;min-height:22px;min-width:22px}.e-con-inner>.elementor-widget-spacer.elementor-widget-empty .elementor-widget-empty-icon,.e-con>.elementor-widget-spacer.elementor-widget-empty .elementor-widget-empty-icon{position:absolute;top:0;bottom:0;left:0;right:0;margin:auto;padding:0;width:22px;height:22px}<\/style>\t\t<div class=\"elementor-spacer\">\n\t\t\t<div class=\"elementor-spacer-inner\"><\/div>\n\t\t<\/div>\n\t\t\t\t<\/div>\n\t\t\t\t<\/div>\n\t\t\t\t<div class=\"elementor-element elementor-element-88048db elementor-widget elementor-widget-heading\" data-id=\"88048db\" data-element_type=\"widget\" data-widget_type=\"heading.default\">\n\t\t\t\t<div class=\"elementor-widget-container\">\n\t\t\t<style>\/*! elementor - v3.23.0 - 05-08-2024 *\/\n.elementor-heading-title{padding:0;margin:0;line-height:1}.elementor-widget-heading .elementor-heading-title[class*=elementor-size-]>a{color:inherit;font-size:inherit;line-height:inherit}.elementor-widget-heading .elementor-heading-title.elementor-size-small{font-size:15px}.elementor-widget-heading .elementor-heading-title.elementor-size-medium{font-size:19px}.elementor-widget-heading .elementor-heading-title.elementor-size-large{font-size:29px}.elementor-widget-heading .elementor-heading-title.elementor-size-xl{font-size:39px}.elementor-widget-heading .elementor-heading-title.elementor-size-xxl{font-size:59px}<\/style><h2 class=\"elementor-heading-title elementor-size-default\">ACCESORIOS<\/h2>\t\t<\/div>\n\t\t\t\t<\/div>\n\t\t\t\t\t<\/div>\n\t\t\t\t<\/div>\n\t\t<div class=\"elementor-element elementor-element-73a36ca e-con-full e-flex e-con e-parent\" data-id=\"73a36ca\" data-element_type=\"container\">\n\t\t<div class=\"elementor-element elementor-element-3c28491 e-grid e-con-full e-con e-child\" data-id=\"3c28491\" data-element_type=\"container\">\n\t\t\t\t<div class=\"elementor-element elementor-element-0329864 elementor-widget elementor-widget-image\" data-id=\"0329864\" data-element_type=\"widget\" data-widget_type=\"image.default\">\n\t\t\t\t<div class=\"elementor-widget-container\">\n\t\t\t<style>\/*! elementor - v3.23.0 - 05-08-2024 *\/\n.elementor-widget-image{text-align:center}.elementor-widget-image a{display:inline-block}.elementor-widget-image a img[src$=\".svg\"]{width:48px}.elementor-widget-image img{vertical-align:middle;display:inline-block}<\/style>\t\t\t\t\t\t\t\t\t\t<img decoding=\"async\" src=\"https:\/\/silvanoaberturas.com\/wp-content\/uploads\/elementor\/thumbs\/WhatsApp-Image-2024-08-21-at-16.00.02-3-qt1q31r07b4uml5x1zrnkh39yv5combm7beuw099jc.jpeg\" title=\"WhatsApp Image 2024-08-21 at 16.00.02 (3)\" alt=\"WhatsApp Image 2024-08-21 at 16.00.02 (3)\" loading=\"lazy\" \/>\t\t\t\t\t\t\t\t\t\t\t\t\t<\/div>\n\t\t\t\t<\/div>\n\t\t\t\t<div class=\"elementor-element elementor-element-0d65286 elementor-widget elementor-widget-html\" data-id=\"0d65286\" data-element_type=\"widget\" data-widget_type=\"html.default\">\n\t\t\t\t<div class=\"elementor-widget-container\">\n\t\t\t<link rel=\"stylesheet\" href=\"https:\/\/cdnjs.cloudflare.com\/ajax\/libs\/font-awesome\/6.0.0-beta3\/css\/all.min.css\">\r\n\r\n<div class=\"accessory-selection\">\r\n    <i class=\"fas fa-toolbox\"><\/i>\r\n    <h2>Accesorios<\/h2>\r\n    <div class=\"accordion-container\">\r\n        <!-- Accesorio 1 -->\r\n        <button class=\"accordion-button\" onclick=\"toggleAccordion('accordion1')\">CINTAS CUBRE CERCO<\/button>\r\n        <div id=\"accordion1\" class=\"accordion-content\">\r\n            <img decoding=\"async\" src=\"https:\/\/silvanoaberturas.com\/wp-content\/uploads\/2024\/09\/WhatsApp-Image-2024-09-12-at-14.04.40-1.jpeg\" alt=\"CINTAS\">\r\n            <p>Sumamente estetico.<\/p>\r\n            <p>Privacidad.<\/p>\r\n            <p>Espacios Aireados.<\/p>\r\n            <a href=\"https:\/\/silvanoaberturas.com\/?page_id=535\" class=\"details-button\">Ver m\u00e1s Detalles<\/a>\r\n        <\/div>\r\n\r\n        <!-- Accesorio 2 -->\r\n        <button class=\"accordion-button\" onclick=\"toggleAccordion('accordion2')\">CORTINAS ROLLER<\/button>\r\n        <div id=\"accordion2\" class=\"accordion-content\">\r\n            <img decoding=\"async\" src=\"https:\/\/silvanoaberturas.com\/wp-content\/uploads\/2024\/09\/WhatsApp-Image-2024-09-12-at-15.40.35.jpeg\" alt=\"cortinas\">\r\n            <p>Cortinas bandas verticales\/orientales.<\/p>\r\n            <a href=\"https:\/\/silvanoaberturas.com\/?page_id=532\" class=\"details-button\">Ver m\u00e1s Detalles<\/a>\r\n        <\/div>\r\n\r\n        <!-- Accesorio 3 -->\r\n        <button class=\"accordion-button\" onclick=\"toggleAccordion('accordion3')\">BURLETES<\/button>\r\n        <div id=\"accordion3\" class=\"accordion-content\">\r\n            <img decoding=\"async\" src=\"https:\/\/silvanoaberturas.com\/wp-content\/uploads\/2024\/09\/brl.png\" alt=\"burlete\">\r\n            <p>Consulta por nuestros modelos.<\/p>\r\n            <a href=\"https:\/\/silvanoaberturas.com\/?page_id=536\" class=\"details-button\">Ver m\u00e1s Detalles<\/a>\r\n        <\/div>\r\n\r\n        <!-- Accesorio 4 -->\r\n        <button class=\"accordion-button\" onclick=\"toggleAccordion('accordion4')\">manijas<\/button>\r\n        <div id=\"accordion4\" class=\"accordion-content\">\r\n            <img decoding=\"async\" src=\"https:\/\/silvanoaberturas.com\/wp-content\/uploads\/2024\/09\/WhatsApp-Image-2024-09-13-at-12.59.13.jpeg\" alt=\"manijas\">\r\n            <p>Consulta por nuestros modelos.<\/p>\r\n            <a href=\"https:\/\/silvanoaberturas.com\/?page_id=533\" class=\"details-button\">Ver m\u00e1s Detalles<\/a>\r\n        <\/div>\r\n    <\/div>\r\n<\/div>\r\n\r\n<!-- Estilos para el acorde\u00f3n -->\r\n<style>\r\n    .accessory-selection {\r\n        text-align: center;\r\n    }\r\n\r\n    .accessory-selection i {\r\n        font-size: 40px;\r\n        color: #333;\r\n        margin-bottom: 10px;\r\n    }\r\n\r\n    .accessory-selection h2 {\r\n        font-size: 24px;\r\n        color: #333;\r\n        margin-bottom: 10px;\r\n    }\r\n\r\n    .accordion-container {\r\n        max-width: 600px;\r\n        margin: 0 auto;\r\n    }\r\n\r\n    .accordion-button {\r\n        background-color: #e53935;\r\n        color: #fff;\r\n        border: none;\r\n        padding: 10px 20px;\r\n        margin: 5px;\r\n        cursor: pointer;\r\n        font-size: 16px;\r\n        border-radius: 5px;\r\n        text-align: left;\r\n        display: block;\r\n        width: 100%;\r\n    }\r\n\r\n    .accordion-button:hover {\r\n        background-color: #c62828; \r\n    }\r\n\r\n    .accordion-content {\r\n        display: none;\r\n        padding: 15px;\r\n        border: 1px solid #ddd;\r\n        border-radius: 5px;\r\n        margin-top: 5px;\r\n        text-align: left;\r\n        background-color: #fff;\r\n    }\r\n\r\n    .accordion-content img {\r\n        max-width: 150px;\r\n        border-radius: 8px;\r\n        display: block;\r\n        margin: 0 auto; \r\n    }\r\n\r\n    .details-button {\r\n        display: block;\r\n        margin-top: 15px;\r\n        padding: 10px 20px;\r\n        background-color: #000;\r\n        color: #fff;\r\n        text-align: center;\r\n        border-radius: 5px;\r\n        text-decoration: none;\r\n        font-size: 16px;\r\n    }\r\n\r\n    .details-button:hover {\r\n        background-color: #333;\r\n    }\r\n<\/style>\r\n\r\n<!-- JavaScript para el acorde\u00f3n -->\r\n<script>\r\n    function toggleAccordion(accordionId) {\r\n        const accordions = document.querySelectorAll('.accordion-content');\r\n        accordions.forEach(accordion => {\r\n            if (accordion.id === accordionId) {\r\n                accordion.style.display = accordion.style.display === 'block' ? 'none' : 'block';\r\n            } else {\r\n                accordion.style.display = 'none';\r\n            }\r\n        });\r\n    }\r\n<\/script>\r\n\t\t<\/div>\n\t\t\t\t<\/div>\n\t\t\t\t<\/div>\n\t\t\t\t<\/div>\n\t\t<div class=\"elementor-element elementor-element-11a6b22 e-con-full e-flex e-con e-parent\" data-id=\"11a6b22\" data-element_type=\"container\">\n\t\t\t\t<div class=\"elementor-element elementor-element-d15295a elementor-widget elementor-widget-spacer\" data-id=\"d15295a\" data-element_type=\"widget\" data-widget_type=\"spacer.default\">\n\t\t\t\t<div class=\"elementor-widget-container\">\n\t\t\t\t\t<div class=\"elementor-spacer\">\n\t\t\t<div class=\"elementor-spacer-inner\"><\/div>\n\t\t<\/div>\n\t\t\t\t<\/div>\n\t\t\t\t<\/div>\n\t\t\t\t<\/div>\n\t\t<div class=\"elementor-element elementor-element-d2b3313 e-grid e-con-full e-con e-child\" data-id=\"d2b3313\" data-element_type=\"container\">\n\t\t\t\t<div class=\"elementor-element elementor-element-4142cff elementor-widget elementor-widget-google_maps\" data-id=\"4142cff\" data-element_type=\"widget\" data-widget_type=\"google_maps.default\">\n\t\t\t\t<div class=\"elementor-widget-container\">\n\t\t\t<style>\/*! elementor - v3.23.0 - 05-08-2024 *\/\n.elementor-widget-google_maps .elementor-widget-container{overflow:hidden}.elementor-widget-google_maps .elementor-custom-embed{line-height:0}.elementor-widget-google_maps iframe{height:300px}<\/style>\t\t<div class=\"elementor-custom-embed\">\n\t\t\t<iframe loading=\"lazy\"\n\t\t\t\t\tsrc=\"https:\/\/maps.google.com\/maps?q=AV.%20ALEM%20783-%20CATAMARCA&#038;t=m&#038;z=10&#038;output=embed&#038;iwloc=near\"\n\t\t\t\t\ttitle=\"AV. ALEM 783- CATAMARCA\"\n\t\t\t\t\taria-label=\"AV. ALEM 783- CATAMARCA\"\n\t\t\t><\/iframe>\n\t\t<\/div>\n\t\t\t\t<\/div>\n\t\t\t\t<\/div>\n\t\t\t\t<div class=\"elementor-element elementor-element-a7cc186 elementor-shape-rounded elementor-grid-0 e-grid-align-center elementor-widget elementor-widget-social-icons\" data-id=\"a7cc186\" data-element_type=\"widget\" data-widget_type=\"social-icons.default\">\n\t\t\t\t<div class=\"elementor-widget-container\">\n\t\t\t<style>\/*! elementor - v3.23.0 - 05-08-2024 *\/\n.elementor-widget-social-icons.elementor-grid-0 .elementor-widget-container,.elementor-widget-social-icons.elementor-grid-mobile-0 .elementor-widget-container,.elementor-widget-social-icons.elementor-grid-tablet-0 .elementor-widget-container{line-height:1;font-size:0}.elementor-widget-social-icons:not(.elementor-grid-0):not(.elementor-grid-tablet-0):not(.elementor-grid-mobile-0) .elementor-grid{display:inline-grid}.elementor-widget-social-icons .elementor-grid{grid-column-gap:var(--grid-column-gap,5px);grid-row-gap:var(--grid-row-gap,5px);grid-template-columns:var(--grid-template-columns);justify-content:var(--justify-content,center);justify-items:var(--justify-content,center)}.elementor-icon.elementor-social-icon{font-size:var(--icon-size,25px);line-height:var(--icon-size,25px);width:calc(var(--icon-size, 25px) + 2 * var(--icon-padding, .5em));height:calc(var(--icon-size, 25px) + 2 * var(--icon-padding, .5em))}.elementor-social-icon{--e-social-icon-icon-color:#fff;display:inline-flex;background-color:#69727d;align-items:center;justify-content:center;text-align:center;cursor:pointer}.elementor-social-icon i{color:var(--e-social-icon-icon-color)}.elementor-social-icon svg{fill:var(--e-social-icon-icon-color)}.elementor-social-icon:last-child{margin:0}.elementor-social-icon:hover{opacity:.9;color:#fff}.elementor-social-icon-android{background-color:#a4c639}.elementor-social-icon-apple{background-color:#999}.elementor-social-icon-behance{background-color:#1769ff}.elementor-social-icon-bitbucket{background-color:#205081}.elementor-social-icon-codepen{background-color:#000}.elementor-social-icon-delicious{background-color:#39f}.elementor-social-icon-deviantart{background-color:#05cc47}.elementor-social-icon-digg{background-color:#005be2}.elementor-social-icon-dribbble{background-color:#ea4c89}.elementor-social-icon-elementor{background-color:#d30c5c}.elementor-social-icon-envelope{background-color:#ea4335}.elementor-social-icon-facebook,.elementor-social-icon-facebook-f{background-color:#3b5998}.elementor-social-icon-flickr{background-color:#0063dc}.elementor-social-icon-foursquare{background-color:#2d5be3}.elementor-social-icon-free-code-camp,.elementor-social-icon-freecodecamp{background-color:#006400}.elementor-social-icon-github{background-color:#333}.elementor-social-icon-gitlab{background-color:#e24329}.elementor-social-icon-globe{background-color:#69727d}.elementor-social-icon-google-plus,.elementor-social-icon-google-plus-g{background-color:#dd4b39}.elementor-social-icon-houzz{background-color:#7ac142}.elementor-social-icon-instagram{background-color:#262626}.elementor-social-icon-jsfiddle{background-color:#487aa2}.elementor-social-icon-link{background-color:#818a91}.elementor-social-icon-linkedin,.elementor-social-icon-linkedin-in{background-color:#0077b5}.elementor-social-icon-medium{background-color:#00ab6b}.elementor-social-icon-meetup{background-color:#ec1c40}.elementor-social-icon-mixcloud{background-color:#273a4b}.elementor-social-icon-odnoklassniki{background-color:#f4731c}.elementor-social-icon-pinterest{background-color:#bd081c}.elementor-social-icon-product-hunt{background-color:#da552f}.elementor-social-icon-reddit{background-color:#ff4500}.elementor-social-icon-rss{background-color:#f26522}.elementor-social-icon-shopping-cart{background-color:#4caf50}.elementor-social-icon-skype{background-color:#00aff0}.elementor-social-icon-slideshare{background-color:#0077b5}.elementor-social-icon-snapchat{background-color:#fffc00}.elementor-social-icon-soundcloud{background-color:#f80}.elementor-social-icon-spotify{background-color:#2ebd59}.elementor-social-icon-stack-overflow{background-color:#fe7a15}.elementor-social-icon-steam{background-color:#00adee}.elementor-social-icon-stumbleupon{background-color:#eb4924}.elementor-social-icon-telegram{background-color:#2ca5e0}.elementor-social-icon-threads{background-color:#000}.elementor-social-icon-thumb-tack{background-color:#1aa1d8}.elementor-social-icon-tripadvisor{background-color:#589442}.elementor-social-icon-tumblr{background-color:#35465c}.elementor-social-icon-twitch{background-color:#6441a5}.elementor-social-icon-twitter{background-color:#1da1f2}.elementor-social-icon-viber{background-color:#665cac}.elementor-social-icon-vimeo{background-color:#1ab7ea}.elementor-social-icon-vk{background-color:#45668e}.elementor-social-icon-weibo{background-color:#dd2430}.elementor-social-icon-weixin{background-color:#31a918}.elementor-social-icon-whatsapp{background-color:#25d366}.elementor-social-icon-wordpress{background-color:#21759b}.elementor-social-icon-x-twitter{background-color:#000}.elementor-social-icon-xing{background-color:#026466}.elementor-social-icon-yelp{background-color:#af0606}.elementor-social-icon-youtube{background-color:#cd201f}.elementor-social-icon-500px{background-color:#0099e5}.elementor-shape-rounded .elementor-icon.elementor-social-icon{border-radius:10%}.elementor-shape-circle .elementor-icon.elementor-social-icon{border-radius:50%}<\/style>\t\t<div class=\"elementor-social-icons-wrapper elementor-grid\">\n\t\t\t\t\t\t\t<span class=\"elementor-grid-item\">\n\t\t\t\t\t<a class=\"elementor-icon elementor-social-icon elementor-social-icon-facebook elementor-repeater-item-9775793\" href=\"https:\/\/www.facebook.com\/silvano.local.1\/\" target=\"_blank\">\n\t\t\t\t\t\t<span class=\"elementor-screen-only\">Facebook<\/span>\n\t\t\t\t\t\t<svg class=\"e-font-icon-svg e-fab-facebook\" viewBox=\"0 0 512 512\" xmlns=\"http:\/\/www.w3.org\/2000\/svg\"><path d=\"M504 256C504 119 393 8 256 8S8 119 8 256c0 123.78 90.69 226.38 209.25 245V327.69h-63V256h63v-54.64c0-62.15 37-96.48 93.67-96.48 27.14 0 55.52 4.84 55.52 4.84v61h-31.28c-30.8 0-40.41 19.12-40.41 38.73V256h68.78l-11 71.69h-57.78V501C413.31 482.38 504 379.78 504 256z\"><\/path><\/svg>\t\t\t\t\t<\/a>\n\t\t\t\t<\/span>\n\t\t\t\t\t\t\t<span class=\"elementor-grid-item\">\n\t\t\t\t\t<a class=\"elementor-icon elementor-social-icon elementor-social-icon-instagram elementor-repeater-item-e7f29b3\" href=\"https:\/\/www.instagram.com\/silvano_aberturas\/\" target=\"_blank\">\n\t\t\t\t\t\t<span class=\"elementor-screen-only\">Instagram<\/span>\n\t\t\t\t\t\t<svg class=\"e-font-icon-svg e-fab-instagram\" viewBox=\"0 0 448 512\" xmlns=\"http:\/\/www.w3.org\/2000\/svg\"><path d=\"M224.1 141c-63.6 0-114.9 51.3-114.9 114.9s51.3 114.9 114.9 114.9S339 319.5 339 255.9 287.7 141 224.1 141zm0 189.6c-41.1 0-74.7-33.5-74.7-74.7s33.5-74.7 74.7-74.7 74.7 33.5 74.7 74.7-33.6 74.7-74.7 74.7zm146.4-194.3c0 14.9-12 26.8-26.8 26.8-14.9 0-26.8-12-26.8-26.8s12-26.8 26.8-26.8 26.8 12 26.8 26.8zm76.1 27.2c-1.7-35.9-9.9-67.7-36.2-93.9-26.2-26.2-58-34.4-93.9-36.2-37-2.1-147.9-2.1-184.9 0-35.8 1.7-67.6 9.9-93.9 36.1s-34.4 58-36.2 93.9c-2.1 37-2.1 147.9 0 184.9 1.7 35.9 9.9 67.7 36.2 93.9s58 34.4 93.9 36.2c37 2.1 147.9 2.1 184.9 0 35.9-1.7 67.7-9.9 93.9-36.2 26.2-26.2 34.4-58 36.2-93.9 2.1-37 2.1-147.8 0-184.8zM398.8 388c-7.8 19.6-22.9 34.7-42.6 42.6-29.5 11.7-99.5 9-132.1 9s-102.7 2.6-132.1-9c-19.6-7.8-34.7-22.9-42.6-42.6-11.7-29.5-9-99.5-9-132.1s-2.6-102.7 9-132.1c7.8-19.6 22.9-34.7 42.6-42.6 29.5-11.7 99.5-9 132.1-9s102.7-2.6 132.1 9c19.6 7.8 34.7 22.9 42.6 42.6 11.7 29.5 9 99.5 9 132.1s2.7 102.7-9 132.1z\"><\/path><\/svg>\t\t\t\t\t<\/a>\n\t\t\t\t<\/span>\n\t\t\t\t\t\t\t<span class=\"elementor-grid-item\">\n\t\t\t\t\t<a class=\"elementor-icon elementor-social-icon elementor-social-icon-whatsapp elementor-repeater-item-c47dfca\" href=\"https:\/\/wa.me\/+5493834917274\" target=\"_blank\">\n\t\t\t\t\t\t<span class=\"elementor-screen-only\">Whatsapp<\/span>\n\t\t\t\t\t\t<svg class=\"e-font-icon-svg e-fab-whatsapp\" viewBox=\"0 0 448 512\" xmlns=\"http:\/\/www.w3.org\/2000\/svg\"><path d=\"M380.9 97.1C339 55.1 283.2 32 223.9 32c-122.4 0-222 99.6-222 222 0 39.1 10.2 77.3 29.6 111L0 480l117.7-30.9c32.4 17.7 68.9 27 106.1 27h.1c122.3 0 224.1-99.6 224.1-222 0-59.3-25.2-115-67.1-157zm-157 341.6c-33.2 0-65.7-8.9-94-25.7l-6.7-4-69.8 18.3L72 359.2l-4.4-7c-18.5-29.4-28.2-63.3-28.2-98.2 0-101.7 82.8-184.5 184.6-184.5 49.3 0 95.6 19.2 130.4 54.1 34.8 34.9 56.2 81.2 56.1 130.5 0 101.8-84.9 184.6-186.6 184.6zm101.2-138.2c-5.5-2.8-32.8-16.2-37.9-18-5.1-1.9-8.8-2.8-12.5 2.8-3.7 5.6-14.3 18-17.6 21.8-3.2 3.7-6.5 4.2-12 1.4-32.6-16.3-54-29.1-75.5-66-5.7-9.8 5.7-9.1 16.3-30.3 1.8-3.7.9-6.9-.5-9.7-1.4-2.8-12.5-30.1-17.1-41.2-4.5-10.8-9.1-9.3-12.5-9.5-3.2-.2-6.9-.2-10.6-.2-3.7 0-9.7 1.4-14.8 6.9-5.1 5.6-19.4 19-19.4 46.3 0 27.3 19.9 53.7 22.6 57.4 2.8 3.7 39.1 59.7 94.8 83.8 35.2 15.2 49 16.5 66.6 13.9 10.7-1.6 32.8-13.4 37.4-26.4 4.6-13 4.6-24.1 3.2-26.4-1.3-2.5-5-3.9-10.5-6.6z\"><\/path><\/svg>\t\t\t\t\t<\/a>\n\t\t\t\t<\/span>\n\t\t\t\t\t<\/div>\n\t\t\t\t<\/div>\n\t\t\t\t<\/div>\n\t\t\t\t<\/div>\n\t\t\t\t<\/div>\n\t\t","protected":false},"excerpt":{"rendered":"<p>ACCESORIOS Accesorios CINTAS CUBRE CERCO Sumamente estetico. Privacidad. Espacios Aireados. Ver m\u00e1s Detalles CORTINAS ROLLER Cortinas bandas verticales\/orientales. Ver m\u00e1s Detalles BURLETES Consulta por nuestros modelos. Ver m\u00e1s Detalles manijas Consulta por nuestros modelos. Ver m\u00e1s Detalles Facebook Instagram Whatsapp<\/p>\n","protected":false},"author":1,"featured_media":0,"parent":0,"menu_order":0,"comment_status":"closed","ping_status":"closed","template":"page-templates\/template-pagebuilder-full-width.php","meta":{"_uag_custom_page_level_css":"","_monsterinsights_skip_tracking":false,"_monsterinsights_sitenote_active":false,"_monsterinsights_sitenote_note":"","_monsterinsights_sitenote_category":0,"footnotes":""},"class_list":["post-482","page","type-page","status-publish","hentry"],"aioseo_notices":[],"uagb_featured_image_src":{"full":false,"thumbnail":false,"medium":false,"medium_large":false,"large":false,"1536x1536":false,"2048x2048":false,"hestia-blog":false},"uagb_author_info":{"display_name":"localsilvano@gmail.com","author_link":"https:\/\/silvanoaberturas.com\/?author=1"},"uagb_comment_info":0,"uagb_excerpt":"ACCESORIOS Accesorios CINTAS CUBRE CERCO Sumamente estetico. Privacidad. Espacios Aireados. Ver m\u00e1s Detalles CORTINAS ROLLER Cortinas bandas verticales\/orientales. Ver m\u00e1s Detalles BURLETES Consulta por nuestros modelos. Ver m\u00e1s Detalles manijas Consulta por nuestros modelos. Ver m\u00e1s Detalles Facebook Instagram Whatsapp","_links":{"self":[{"href":"https:\/\/silvanoaberturas.com\/index.php?rest_route=\/wp\/v2\/pages\/482"}],"collection":[{"href":"https:\/\/silvanoaberturas.com\/index.php?rest_route=\/wp\/v2\/pages"}],"about":[{"href":"https:\/\/silvanoaberturas.com\/index.php?rest_route=\/wp\/v2\/types\/page"}],"author":[{"embeddable":true,"href":"https:\/\/silvanoaberturas.com\/index.php?rest_route=\/wp\/v2\/users\/1"}],"replies":[{"embeddable":true,"href":"https:\/\/silvanoaberturas.com\/index.php?rest_route=%2Fwp%2Fv2%2Fcomments&post=482"}],"version-history":[{"count":16,"href":"https:\/\/silvanoaberturas.com\/index.php?rest_route=\/wp\/v2\/pages\/482\/revisions"}],"predecessor-version":[{"id":1092,"href":"https:\/\/silvanoaberturas.com\/index.php?rest_route=\/wp\/v2\/pages\/482\/revisions\/1092"}],"wp:attachment":[{"href":"https:\/\/silvanoaberturas.com\/index.php?rest_route=%2Fwp%2Fv2%2Fmedia&parent=482"}],"curies":[{"name":"wp","href":"https:\/\/api.w.org\/{rel}","templated":true}]}}